{"id":20,"date":"2017-01-07T13:32:04","date_gmt":"2017-01-07T13:32:04","guid":{"rendered":"http:\/\/waldorfkindergarten-uetersen.de\/?page_id=20"},"modified":"2024-03-13T19:49:49","modified_gmt":"2024-03-13T18:49:49","slug":"informationen","status":"publish","type":"page","link":"https:\/\/waldorfkindergarten-uetersen.de\/?page_id=20","title":{"rendered":"Informationen"},"content":{"rendered":"<p><strong>Unsere \u00d6ffnungszeiten:<\/strong><\/p>\n<ul>\n<li><strong>Betreuung ohne Mittagstisch<\/strong>: 8.00 \u2013 13.00 Uhr<\/li>\n<\/ul>\n<p>oder<\/p>\n<ul>\n<li><strong>Betreuung inkl. Mittagstisch<\/strong>: 8.00 \u2013 14.00 Uhr<\/li>\n<\/ul>\n<p><strong><br \/>\nKosten:<\/strong><\/p>\n<p><strong>Vormittagsgruppe\u00a0\u00a0<\/strong><br \/>\nDie Kosten f\u00fcr die Betreuung der Kinder in unserer Vormittagsgruppe (5 Tage\/Woche) richten sich nach den vom Kreis Pinneberg festgesetzten Regelbeitr\u00e4ge. Diese betragen derzeit 141,50 \u20ac monatlich. Hinzu kommt das monatliche Essensgeld (gemeinsames Fr\u00fchst\u00fcck) in H\u00f6he von 10,00 \u20ac.<\/p>\n<p><strong>Nachmittagsgruppe inkl. Mittagstisch<\/strong><br \/>\nDie Kosten f\u00fcr die Betreuung der Kinder \u00fcber den Vormittag hinaus (5 Tage\/Woche bis 14.00 Uhr) richten sich ebenfalls nach den vom Kreis Pinneberg festgesetzten Regelbeitr\u00e4ge. Diese betragen derzeit 169,80 \u20ac monatlich. Hinzu kommt das monatliche Fr\u00fchst\u00fccksgeld in H\u00f6he von 10,00 \u20ac sowie der Mittagstisch in H\u00f6he von 78,40 \u20ac.<\/p>\n<p>Eine Erm\u00e4\u00dfigung des Beitrages kann bei der Stadt Uetersen beantragt werden. Kindergartenkinder aus umliegenden Gemeinden ben\u00f6tigen eine Kosten\u00fcbernahme ihrer Gemeinde.<\/p>\n<p><strong>Die Gruppengr\u00f6\u00dfe:<br \/>\n<\/strong><br \/>\nWir haben eine Elementargruppe mit ca. 20 Kindern, die <b>ab dem vollendeten dritten Lebensjahr<\/b> bis zum Schuleintritt bei uns sind.<\/p>\n<p>Es findet regelm\u00e4\u00dfig eine Eltern-Kind-Gruppe im Kindergarten statt. Dies ist eine Gruppe von bis zu 10 Kindern im Alter von 2 bis 3 Jahren, die sich in Begleitung Ihrer Eltern in einem gesch\u00fctzten Rahmen begegnen \u2013 und erste soziale Kontakte aufnehmen k\u00f6nnen.<\/p>\n<p><strong>Unser Mittagstisch:<\/strong><\/p>\n<p>Wir bieten unseren Kindern t\u00e4glich ein vollwertiges Mittagessen mit viel frischem Obst und Gem\u00fcse, zum Teil in Bio-Qualit\u00e4t, an. Uns ist wichtig, f\u00fcr unsere Kinder auf Nachhaltigkeit und Qualit\u00e4t zu achten sowie f\u00fcr unsere Einrichtung einen Partner zu gewinnen, der zu uns passt.<\/p>\n<p><strong>Unsere R\u00e4umlichkeiten:<\/strong><\/p>\n<p>Gro\u00dfz\u00fcgige R\u00e4umlichkeiten mit einem zus\u00e4tzlichen Bewegungsraum, in dem die Eurythmie sowie die Eltern-Kind-Gruppe und Vortr\u00e4ge stattfinden, bieten den Kindern f\u00fcr ihre Bewegungsentwicklung gen\u00fcgend Raum und Anregung zum freien, kreativen Spielen. Ein gro\u00dfer Garten mit seinen naturnah gestalteten Spielger\u00e4ten bietet den Kindern einen weiteren \u201eRaum\u201c, sich in der Natur frei zu bewegen, vieles auszuprobieren und nicht zuletzt ausgelassen zu spielen.<\/p>\n","protected":false},"excerpt":{"rendered":"<p>Unsere \u00d6ffnungszeiten: Betreuung ohne Mittagstisch: 8.00 \u2013 13.00 Uhr oder Betreuung inkl. Mittagstisch: 8.00 \u2013 14.00 Uhr Kosten: Vormittagsgruppe\u00a0\u00a0 Die Kosten f\u00fcr die Betreuung der Kinder in unserer Vormittagsgruppe (5 Tage\/Woche) richten sich nach den vom Kreis Pinneberg festgesetzten Regelbeitr\u00e4ge. Diese betragen derzeit 141,50 \u20ac monatlich. Hinzu kommt das monatliche Essensgeld (gemeinsames Fr\u00fchst\u00fcck) in H\u00f6he &hellip; <\/p>\n<p class=\"link-more\"><a href=\"https:\/\/waldorfkindergarten-uetersen.de\/?page_id=20\" class=\"more-link\"><span class=\"screen-reader-text\">\u201eInformationen\u201c<\/span> weiterlesen<\/a><\/p>\n","protected":false},"author":1,"featured_media":0,"parent":0,"menu_order":6,"comment_status":"closed","ping_status":"closed","template":"","meta":{"footnotes":""},"class_list":["post-20","page","type-page","status-publish","hentry"],"_links":{"self":[{"href":"https:\/\/waldorfkindergarten-uetersen.de\/index.php?rest_route=\/wp\/v2\/pages\/20","targetHints":{"allow":["GET"]}}],"collection":[{"href":"https:\/\/waldorfkindergarten-uetersen.de\/index.php?rest_route=\/wp\/v2\/pages"}],"about":[{"href":"https:\/\/waldorfkindergarten-uetersen.de\/index.php?rest_route=\/wp\/v2\/types\/page"}],"author":[{"embeddable":true,"href":"https:\/\/waldorfkindergarten-uetersen.de\/index.php?rest_route=\/wp\/v2\/users\/1"}],"replies":[{"embeddable":true,"href":"https:\/\/waldorfkindergarten-uetersen.de\/index.php?rest_route=%2Fwp%2Fv2%2Fcomments&post=20"}],"version-history":[{"count":12,"href":"https:\/\/waldorfkindergarten-uetersen.de\/index.php?rest_route=\/wp\/v2\/pages\/20\/revisions"}],"predecessor-version":[{"id":270,"href":"https:\/\/waldorfkindergarten-uetersen.de\/index.php?rest_route=\/wp\/v2\/pages\/20\/revisions\/270"}],"wp:attachment":[{"href":"https:\/\/waldorfkindergarten-uetersen.de\/index.php?rest_route=%2Fwp%2Fv2%2Fmedia&parent=20"}],"curies":[{"name":"wp","href":"https:\/\/api.w.org\/{rel}","templated":true}]}}