{"id":22,"date":"2017-01-07T19:14:41","date_gmt":"2017-01-07T19:14:41","guid":{"rendered":"http:\/\/waldorfkindergarten-uetersen.de\/?page_id=22"},"modified":"2024-03-13T19:26:55","modified_gmt":"2024-03-13T18:26:55","slug":"unser-verein-vorstand","status":"publish","type":"page","link":"https:\/\/waldorfkindergarten-uetersen.de\/?page_id=22","title":{"rendered":"Verein &#038; Vorstand"},"content":{"rendered":"<p>Gegr\u00fcndet wurde der Verein 1987 aus einer Elterninitiative heraus.<\/p>\n<p>Die Gemeinschaft von Eltern und Erzieherinnen bilden die Grundlage f\u00fcr eine selbstverwaltete Einrichtung, in der die Kinder im Mittelpunkt stehen. Die Mitgliedschaft der Eltern der aktuellen Kindergartenkinder ist besonders wichtig. Sie erh\u00e4lt den Verein am Leben. Ziel und Zweck des Vereins ist die F\u00f6rderung der durch Rudolf Steiner begr\u00fcndeten Waldp\u00e4dagogik.<\/p>\n<p>Wir freuen uns \u00fcber jedes neue Mitglied.<\/p>\n<p>Der Vorstand des Vereins Waldorfkindergarten Uetersen e. V., dessen Mitglieder Eltern und Freunde des Kindergartens sind, nimmt alle Aufgaben im Bereich der Verwaltung wahr und \u00fcbernimmt somit die rechtliche Verwaltung des Kindergartens. Die ehrenamtlichen Mitglieder des Vorstandes treffen sich w\u00e4hrend des Kindergartenjahres im regelm\u00e4\u00dfigen Rhythmus, um alle anstehende Fragen und Aufgaben gemeinsam zu koordinieren. Die enge Zusammenarbeit mit den Kindergartenerzieherinnen \/ Kindergartenleiterin wird sehr gepflegt.<\/p>\n<p>Aktuell sind im Vorstand:<\/p>\n<p>Ulrike Jagemann, Anabell Novitski, Inken Hachmann, Jana Kensbock, Antonia Heldt<\/p>\n","protected":false},"excerpt":{"rendered":"<p>Gegr\u00fcndet wurde der Verein 1987 aus einer Elterninitiative heraus. Die Gemeinschaft von Eltern und Erzieherinnen bilden die Grundlage f\u00fcr eine selbstverwaltete Einrichtung, in der die Kinder im Mittelpunkt stehen. Die Mitgliedschaft der Eltern der aktuellen Kindergartenkinder ist besonders wichtig. Sie erh\u00e4lt den Verein am Leben. Ziel und Zweck des Vereins ist die F\u00f6rderung der durch &hellip; <\/p>\n<p class=\"link-more\"><a href=\"https:\/\/waldorfkindergarten-uetersen.de\/?page_id=22\" class=\"more-link\"><span class=\"screen-reader-text\">\u201eVerein &#038; Vorstand\u201c<\/span> weiterlesen<\/a><\/p>\n","protected":false},"author":1,"featured_media":0,"parent":0,"menu_order":2,"comment_status":"closed","ping_status":"closed","template":"","meta":{"footnotes":""},"class_list":["post-22","page","type-page","status-publish","hentry"],"_links":{"self":[{"href":"https:\/\/waldorfkindergarten-uetersen.de\/index.php?rest_route=\/wp\/v2\/pages\/22","targetHints":{"allow":["GET"]}}],"collection":[{"href":"https:\/\/waldorfkindergarten-uetersen.de\/index.php?rest_route=\/wp\/v2\/pages"}],"about":[{"href":"https:\/\/waldorfkindergarten-uetersen.de\/index.php?rest_route=\/wp\/v2\/types\/page"}],"author":[{"embeddable":true,"href":"https:\/\/waldorfkindergarten-uetersen.de\/index.php?rest_route=\/wp\/v2\/users\/1"}],"replies":[{"embeddable":true,"href":"https:\/\/waldorfkindergarten-uetersen.de\/index.php?rest_route=%2Fwp%2Fv2%2Fcomments&post=22"}],"version-history":[{"count":10,"href":"https:\/\/waldorfkindergarten-uetersen.de\/index.php?rest_route=\/wp\/v2\/pages\/22\/revisions"}],"predecessor-version":[{"id":267,"href":"https:\/\/waldorfkindergarten-uetersen.de\/index.php?rest_route=\/wp\/v2\/pages\/22\/revisions\/267"}],"wp:attachment":[{"href":"https:\/\/waldorfkindergarten-uetersen.de\/index.php?rest_route=%2Fwp%2Fv2%2Fmedia&parent=22"}],"curies":[{"name":"wp","href":"https:\/\/api.w.org\/{rel}","templated":true}]}}