{"id":26,"date":"2017-01-07T19:39:21","date_gmt":"2017-01-07T19:39:21","guid":{"rendered":"http:\/\/waldorfkindergarten-uetersen.de\/?page_id=26"},"modified":"2024-03-13T19:53:04","modified_gmt":"2024-03-13T18:53:04","slug":"tagesablauf","status":"publish","type":"page","link":"https:\/\/waldorfkindergarten-uetersen.de\/?page_id=26","title":{"rendered":"Tagesablauf"},"content":{"rendered":"\n<p>Morgens bereiten wir alles f\u00fcr den Tag vor \u2013 z\u00fcnden die Kerzen an und richten den Maltisch her.<\/p>\n\n\n\n<p>In der Zeit von 8:00 Uhr bis 8:30 Uhr kommen alle Kinder in Ruhe an, gehen ins Freispiel, helfen bei der Fr\u00fchst\u00fcckszubereitung oder arbeiten etwas am Tisch.<\/p>\n\n\n\n<p>Um 9:30 Uhr wird der Gruppenraum gemeinsam mit allen Kindern wieder aufger\u00e4umt, der Fr\u00fchst\u00fcckstisch gedeckt und zum H\u00e4ndewaschen gegangen.<\/p>\n\n\n\n<p>Danach sitzen wir gemeinsam im Morgenkreis, z\u00fcnden unsere Kerze an, machen kleine Spiele oder Fingerspiele, verteilen das \u201e\u00d6ltr\u00f6pfchen\u201c, singen Lieder, schauen, wer an diesem Morgen fehlt, l\u00e4uten mit unserem Gl\u00f6ckchen den jeweiligen Wochentag ein und begr\u00fc\u00dfen den Tag.<\/p>\n\n\n\n<blockquote class=\"wp-block-quote is-layout-flow wp-block-quote-is-layout-flow\">\n<p>Sonne, Sonne komm hervor, aus des goldnen Himmelstor, strahle mich so lange an, bis ich mit dir strahlen kann!<\/p>\n<\/blockquote>\n\n\n\n<p>Nun geht es Hand in Hand singend in unseren Reigen und wir singen und bewegen uns zu kleinen, jahreszeitlichen Geschichten.<\/p>\n\n\n\n<p>Nach getaner Arbeit gehen wir gegen 10:30 Uhr zum Fr\u00fchst\u00fcckstisch, wo jedes Kind seinen festen Sitzplatz hat. Das Essen und Trinken wird verteilt, wenn jeder dann sein Fr\u00fchst\u00fcck hat, beten wir gemeinsam und w\u00fcnschen uns einen guten Appetit.<\/p>\n\n\n\n<blockquote class=\"wp-block-quote is-layout-flow wp-block-quote-is-layout-flow\">\n<p>Erde, die uns dies gebracht, Sonne, die es reif gemacht,<br>Liebe Sonne, liebe Erde, euer nie vergessen werde.<\/p>\n<\/blockquote>\n\n\n\n<p>Gegen 11:00 Uhr gehen wir, nach dem wir uns noch f\u00fcr das Fr\u00fchst\u00fcck bedankt haben, bei jedem Wetter hinaus in unseren Garten.<\/p>\n\n\n\n<p>Um 12:30 Uhr begeben wir uns noch einmal hinein in unserem Abschlusskreis und h\u00f6ren eine Geschichte oder schauen uns ein Puppenspiel an.<\/p>\n\n\n\n<p>Die ersten Kinder werden zwischen 12:45 und 13:00 Uhr abgeholt. Der Rest der Gruppe isst gemeinsam ein warmes Mittagessen und wird dann zwischen 13:45 und 14:00 Uhr abgeholt.<\/p>\n\n\n<div class=\"wp-block-image\">\n<figure class=\"aligncenter size-large\"><img loading=\"lazy\" decoding=\"async\" width=\"1024\" height=\"746\" src=\"https:\/\/waldorfkindergarten-uetersen.de\/wp-content\/uploads\/2022\/03\/20190621_110729-1-1024x746.jpg\" alt=\"\" class=\"wp-image-239\" srcset=\"https:\/\/waldorfkindergarten-uetersen.de\/wp-content\/uploads\/2022\/03\/20190621_110729-1-1024x746.jpg 1024w, https:\/\/waldorfkindergarten-uetersen.de\/wp-content\/uploads\/2022\/03\/20190621_110729-1-300x218.jpg 300w, https:\/\/waldorfkindergarten-uetersen.de\/wp-content\/uploads\/2022\/03\/20190621_110729-1-768x559.jpg 768w, https:\/\/waldorfkindergarten-uetersen.de\/wp-content\/uploads\/2022\/03\/20190621_110729-1-1536x1118.jpg 1536w, https:\/\/waldorfkindergarten-uetersen.de\/wp-content\/uploads\/2022\/03\/20190621_110729-1-2048x1491.jpg 2048w\" sizes=\"auto, (max-width: 767px) 89vw, (max-width: 1000px) 54vw, (max-width: 1071px) 543px, 580px\" \/><figcaption class=\"wp-element-caption\">Waldtag in Langes Tannen<\/figcaption><\/figure><\/div>\n\n\n<p>An jeweils einem Tag in der Woche gehen wir zusammen mit allen Kindern einen ganzen Vormittag in den Wald, wandern und erleben die Natur.<\/p>\n","protected":false},"excerpt":{"rendered":"<p>Morgens bereiten wir alles f\u00fcr den Tag vor \u2013 z\u00fcnden die Kerzen an und richten den Maltisch her. In der Zeit von 8:00 Uhr bis 8:30 Uhr kommen alle Kinder in Ruhe an, gehen ins Freispiel, helfen bei der Fr\u00fchst\u00fcckszubereitung oder arbeiten etwas am Tisch. Um 9:30 Uhr wird der Gruppenraum gemeinsam mit allen Kindern &hellip; <\/p>\n<p class=\"link-more\"><a href=\"https:\/\/waldorfkindergarten-uetersen.de\/?page_id=26\" class=\"more-link\"><span class=\"screen-reader-text\">\u201eTagesablauf\u201c<\/span> weiterlesen<\/a><\/p>\n","protected":false},"author":1,"featured_media":0,"parent":0,"menu_order":4,"comment_status":"closed","ping_status":"closed","template":"","meta":{"footnotes":""},"class_list":["post-26","page","type-page","status-publish","hentry"],"_links":{"self":[{"href":"https:\/\/waldorfkindergarten-uetersen.de\/index.php?rest_route=\/wp\/v2\/pages\/26","targetHints":{"allow":["GET"]}}],"collection":[{"href":"https:\/\/waldorfkindergarten-uetersen.de\/index.php?rest_route=\/wp\/v2\/pages"}],"about":[{"href":"https:\/\/waldorfkindergarten-uetersen.de\/index.php?rest_route=\/wp\/v2\/types\/page"}],"author":[{"embeddable":true,"href":"https:\/\/waldorfkindergarten-uetersen.de\/index.php?rest_route=\/wp\/v2\/users\/1"}],"replies":[{"embeddable":true,"href":"https:\/\/waldorfkindergarten-uetersen.de\/index.php?rest_route=%2Fwp%2Fv2%2Fcomments&post=26"}],"version-history":[{"count":11,"href":"https:\/\/waldorfkindergarten-uetersen.de\/index.php?rest_route=\/wp\/v2\/pages\/26\/revisions"}],"predecessor-version":[{"id":272,"href":"https:\/\/waldorfkindergarten-uetersen.de\/index.php?rest_route=\/wp\/v2\/pages\/26\/revisions\/272"}],"wp:attachment":[{"href":"https:\/\/waldorfkindergarten-uetersen.de\/index.php?rest_route=%2Fwp%2Fv2%2Fmedia&parent=26"}],"curies":[{"name":"wp","href":"https:\/\/api.w.org\/{rel}","templated":true}]}}