{"id":32,"date":"2017-01-07T19:48:12","date_gmt":"2017-01-07T19:48:12","guid":{"rendered":"http:\/\/waldorfkindergarten-uetersen.de\/?page_id=32"},"modified":"2023-05-28T19:41:10","modified_gmt":"2023-05-28T18:41:10","slug":"feste-und-aktivitaeten","status":"publish","type":"page","link":"https:\/\/waldorfkindergarten-uetersen.de\/?page_id=32","title":{"rendered":"Feste und Aktivit\u00e4ten"},"content":{"rendered":"<div class=\"wp-block-image\">\n<figure class=\"aligncenter\"><img loading=\"lazy\" decoding=\"async\" width=\"2560\" height=\"1707\" src=\"https:\/\/waldorfkindergarten-uetersen.de\/wp-content\/uploads\/2020\/09\/IMG_0089-scaled.jpg\" alt=\"\" class=\"wp-image-141\" srcset=\"https:\/\/waldorfkindergarten-uetersen.de\/wp-content\/uploads\/2020\/09\/IMG_0089-scaled.jpg 2560w, https:\/\/waldorfkindergarten-uetersen.de\/wp-content\/uploads\/2020\/09\/IMG_0089-300x200.jpg 300w, https:\/\/waldorfkindergarten-uetersen.de\/wp-content\/uploads\/2020\/09\/IMG_0089-1024x683.jpg 1024w, https:\/\/waldorfkindergarten-uetersen.de\/wp-content\/uploads\/2020\/09\/IMG_0089-768x512.jpg 768w, https:\/\/waldorfkindergarten-uetersen.de\/wp-content\/uploads\/2020\/09\/IMG_0089-1536x1024.jpg 1536w, https:\/\/waldorfkindergarten-uetersen.de\/wp-content\/uploads\/2020\/09\/IMG_0089-2048x1365.jpg 2048w\" sizes=\"auto, (max-width: 767px) 89vw, (max-width: 1000px) 54vw, (max-width: 1071px) 543px, 580px\" \/><\/figure><\/div>\n\n\n<p>Einen besonderen Stellenwert haben die <strong>Geburtstage<\/strong> in unserem Kindergarten. Einen Tag vor dem Geburtstag des Kindes wird mit allen Kindern der Geburtstagskuchen gebacken. Wenn das Geburtstagskind dann am n\u00e4chsten Tag morgens in den Gruppenraum kommt, ist schon alles vorbereitet: Ein Maltisch ist eingerichtet \u2013 so kann jedes Kind dem Geburtstagskind ein Bild malen &#8211; und Blumen und Kerzen stehen f\u00fcr die Geburtstagsfeier auf dem Kerzentisch bereit. Alle freuen sich \u00fcber diesen besonderen Tag. Im Abschlusskreis h\u00f6ren die Kinder die Geburtstagsgeschichte &#8211; gemeinsam mit den eingeladenen Eltern des Geburtstagskindes &#8211; und es wird gemeinsam gesungen, die Malmappe und das Geschenk bewundert.<\/p>\n\n\n\n<p>Das Kindergartenjahr lebt im Rhythmus der Jahreszeiten und den dazugeh\u00f6rigen Festen. Ein kleiner \u00dcberblick :<\/p>\n\n\n\n<p>Nach den Sommerferien genie\u00dfen wir meist noch den Sp\u00e4tsommer oder es ist bereits Herbst.<\/p>\n\n\n\n<p>Bald wird sich auch auf die <strong>Erntezeit<\/strong> vorbereitet, z.B. Marmeladen gekocht, allerlei gesammelt und gebastelt, was der Herbstwind von den B\u00e4umen gepustet hat (Kastanientiere oder Herbstketten). Auch zu unserem Bauer Sch\u00fcmann fahren wir, um das Korn und die M\u00f6hren zu ernten. In der Erntezeit wird das Korn gedroschen, mit der M\u00fchle zu Mehl gemahlen und daraus das Erntebrot gebacken. Die Kinder d\u00fcrfen gerne Gem\u00fcse und Obst aus ihrem Garten mitbringen, welches dann gemeinsam f\u00fcr das Fr\u00fchst\u00fcck zubereitet wird. Wir feiern auch ein kleines Erntedankfest, an dem die Kinder h\u00fcbsch geschm\u00fcckte Erntek\u00f6rbchen mit ihren guten Gaben mitbringen d\u00fcrfen.<\/p>\n\n\n\n<p>Am 29.9. beginnt die <strong>Michaeli Zeit<\/strong>. Sankt Michael, Sankt Martin und Sankt Nikolaus bilden die drei Feste, die in ihrer Bildhaftigkeit dazu beitragen, die Kinder in die Advents- und Weihnachtszeit zu f\u00fchren. So lebt bei den Kindern zur Michaeli Zeit die Legende des Ritter Georg, der die sch\u00f6ne K\u00f6nigstochter durch seine mutige Tat vom Drachen befreit. Das B\u00f6se wird durch den wahrhaftig guten Mut gebannt. Es werden dann z.B. Papierdrachen und Schwerter mit den Kindern gebastelt.<\/p>\n\n\n<div class=\"wp-block-image\">\n<figure class=\"aligncenter size-large\"><img loading=\"lazy\" decoding=\"async\" width=\"1024\" height=\"744\" src=\"https:\/\/waldorfkindergarten-uetersen.de\/wp-content\/uploads\/2022\/03\/20201112_164635-1-1024x744.jpg\" alt=\"\" class=\"wp-image-235\" srcset=\"https:\/\/waldorfkindergarten-uetersen.de\/wp-content\/uploads\/2022\/03\/20201112_164635-1-1024x744.jpg 1024w, https:\/\/waldorfkindergarten-uetersen.de\/wp-content\/uploads\/2022\/03\/20201112_164635-1-300x218.jpg 300w, https:\/\/waldorfkindergarten-uetersen.de\/wp-content\/uploads\/2022\/03\/20201112_164635-1-768x558.jpg 768w, https:\/\/waldorfkindergarten-uetersen.de\/wp-content\/uploads\/2022\/03\/20201112_164635-1-1536x1116.jpg 1536w, https:\/\/waldorfkindergarten-uetersen.de\/wp-content\/uploads\/2022\/03\/20201112_164635-1-2048x1488.jpg 2048w\" sizes=\"auto, (max-width: 767px) 89vw, (max-width: 1000px) 54vw, (max-width: 1071px) 543px, 580px\" \/><figcaption class=\"wp-element-caption\">Laternelaufen in Langes Tannen<\/figcaption><\/figure><\/div>\n\n\n<p>Am 11.11. ist <strong>Martinstag<\/strong>. Sankt Martin steht f\u00fcr Opferbereitschaft, G\u00fcte und Mitgef\u00fchl \u2013 er trug symbolisch sein Licht ins Dunkel und erhellte damit die Welt. Dies tun wir auch mit den Kindern: Wir spielen in unserem Reigen die Martinsgeschichte nach und basteln unsere Laternen, mit denen wir dann an dem Tag des Laternelaufens, gemeinsam mit den Eltern, die \u201eWelt erhellen\u201c.<\/p>\n\n\n\n<p>Im Dezember beginnt die <strong>Adventszeit<\/strong>, welche wir gleich zum Anfang in einem besonderen Rahmen in unserem \u201eAdventsg\u00e4rtchen\u201c (eine aus Tannengr\u00fcn gelegte Spirale, in die jedes Kind sein Apfel-Licht stellen darf) begehen. Dies geschieht zusammen mit allen Eltern. Im Kindergarten kehrt nun eine besondere Stimmung ein; alles ist mit Tannengr\u00fcn geschm\u00fcckt, es duftet nach Tanne und Bienenwachskerzen. Auf dem Jahreszeitentisch ist die Krippe aufgebaut, auch Maria und Josef machen sich mit ihrem Esel auf den Weg. Die Kinder spielen das Krippenspiel, es werden Adventslieder gesungen und Vorbereitungen f\u00fcr das Weihnachtsfest getroffen.<\/p>\n\n\n\n<p><strong>Sankt Nikolaus<\/strong> schaut auch im Kindergarten vorbei und bringt den Kindern N\u00fcsse und \u00c4pfel; nun wissen auch die Kleinsten: Es ist nicht mehr weit bis zur Heiligen Nacht. Auf dem Adventskranz brennt jeweils eine Kerze mehr, es sind schon viele T\u00fcrchen beim Adventskalender ge\u00f6ffnet und die Krippeng\u00e4rtchen mit Maria und Josef werden langsam fertiggestaltet.<\/p>\n\n\n\n<p>Nachdem wir so flei\u00dfig gebacken, gebastelt und geschafft haben, ist es endlich soweit: Wir feiern mit den Eltern und allen Kindern unsere kleine <strong>Weihnachtsfeier<\/strong>, zu der wir unser Krippenspiel spielen; es werden auch die von den Kindern gebackenen Kekse und selbstgezogenen Kerzen verteilt, die mit nach Hause genommen werden d\u00fcrfen.<\/p>\n\n\n\n<p>Nach den Weihnachtsferien begr\u00fc\u00dfen wir das neue Jahr und befinden uns in der <strong>Drei-K\u00f6nigs-Zeit<\/strong>, die wir ebenfalls feierlich gestalten. Wir kneten mit den Kindern die drei heiligen K\u00f6nige aus Knetbienenwachs und spielen unser Drei-K\u00f6nigs-Spiel.<\/p>\n\n\n\n<p>Im Winter schauen wir uns mit den Kindern die Natur an; viele Tiere schlafen oder sind weit weggeflogen. Die Tiere, die aber da geblieben sind, haben gro\u00dfen Hunger: So denken wir beim Fr\u00fchst\u00fcck nicht nur an uns, sondern bef\u00fcllen auch das Vogelh\u00e4uschen und h\u00e4ngen Meisenkn\u00f6del auf.<\/p>\n\n\n\n<p>W\u00e4hrend wir noch den Schnee rufen und die \u201eEnten Schlittschuh fahren\u201c lassen (ein Fingerspiel), k\u00fcndigt sich bereits das n\u00e4chste Fest an \u2013 der Fasching steht im Februar vor der T\u00fcr und die Kinder haben viel Freude daran, bunte Girlanden und Blumen f\u00fcr das Fest vorzubereiten. Am <strong>Rosenmontag<\/strong> feiern wir im kleinen Rahmen unser Faschingsfest \u2013 es wird flei\u00dfig in den Bastelstuben gebastelt, gewerkt und gebacken.<\/p>\n\n\n\n<p>Der Fr\u00fchling k\u00fcndigt sich meist mit kleinen Vorboten \u201eSchneegl\u00f6ckchen\u201c an; nun singen wir den Fr\u00fchling herbei und schauen dabei zu, wie die Erde langsam erwacht. Auch der Bauer geht nun aufs Feld, jetzt besuchen wir wieder unseren Bauer Sch\u00fcmann, um mit allen Kindern und Eltern das Korn zu s\u00e4en.<\/p>\n\n\n\n<p>Die <strong>Osterzeit<\/strong> steht nun vor der T\u00fcr und wir werden flei\u00dfig: Wir bemalen und f\u00e4rben Eier, filzen kleine H\u00e4schen, s\u00e4en unser Ostergras und binden einen Osterkranz.<\/p>\n\n\n\n<p>In der <strong>Himmelfahrtzeit<\/strong> binden wir kleine V\u00f6gelchen aus Wolle und merken auch beim Wandern im Wald, wie viele V\u00f6gel nun singen und nisten. Zu Pfingsten backen wir unser Pfingstrosenbrot und jedes Kind z\u00fcndet eine eigene Kerze an. Hierbei wird ein lieber Mensch genannt, der dabei gerade bedacht wird.<\/p>\n\n\n\n<p>Nun kommt der Sommer mit gro\u00dfen Schritten, vor allem die Schulkinder haben nun viel zu tun \u2013 ihre \u201eK\u00f6nigskind Arbeit\u201c muss bald fertig sein. Wir pflanzen das Gem\u00fcse in unserem Beet, singen und tanzen unsere Sommert\u00e4nze und freuen uns auf den K\u00f6nigskind-Ausflug, das Sommerfest und die Verabschiedung der Schulkinder.<\/p>\n\n\n<div class=\"wp-block-image\">\n<figure class=\"aligncenter size-large\"><img loading=\"lazy\" decoding=\"async\" width=\"934\" height=\"1024\" src=\"https:\/\/waldorfkindergarten-uetersen.de\/wp-content\/uploads\/2023\/05\/IMG_20210625_091237_2-934x1024.jpg\" alt=\"\" class=\"wp-image-261\" srcset=\"https:\/\/waldorfkindergarten-uetersen.de\/wp-content\/uploads\/2023\/05\/IMG_20210625_091237_2-934x1024.jpg 934w, https:\/\/waldorfkindergarten-uetersen.de\/wp-content\/uploads\/2023\/05\/IMG_20210625_091237_2-274x300.jpg 274w, https:\/\/waldorfkindergarten-uetersen.de\/wp-content\/uploads\/2023\/05\/IMG_20210625_091237_2-768x842.jpg 768w, https:\/\/waldorfkindergarten-uetersen.de\/wp-content\/uploads\/2023\/05\/IMG_20210625_091237_2-1402x1536.jpg 1402w, https:\/\/waldorfkindergarten-uetersen.de\/wp-content\/uploads\/2023\/05\/IMG_20210625_091237_2-1869x2048.jpg 1869w\" sizes=\"auto, (max-width: 767px) 89vw, (max-width: 1000px) 54vw, (max-width: 1071px) 543px, 580px\" \/><figcaption class=\"wp-element-caption\">K\u00f6nigskind-Ausflug an die Hetlinger Schanze<\/figcaption><\/figure><\/div>","protected":false},"excerpt":{"rendered":"<p>Einen besonderen Stellenwert haben die Geburtstage in unserem Kindergarten. Einen Tag vor dem Geburtstag des Kindes wird mit allen Kindern der Geburtstagskuchen gebacken. Wenn das Geburtstagskind dann am n\u00e4chsten Tag morgens in den Gruppenraum kommt, ist schon alles vorbereitet: Ein Maltisch ist eingerichtet \u2013 so kann jedes Kind dem Geburtstagskind ein Bild malen &#8211; und &hellip; <\/p>\n<p class=\"link-more\"><a href=\"https:\/\/waldorfkindergarten-uetersen.de\/?page_id=32\" class=\"more-link\"><span class=\"screen-reader-text\">\u201eFeste und Aktivit\u00e4ten\u201c<\/span> weiterlesen<\/a><\/p>\n","protected":false},"author":1,"featured_media":0,"parent":0,"menu_order":5,"comment_status":"closed","ping_status":"closed","template":"","meta":{"footnotes":""},"class_list":["post-32","page","type-page","status-publish","hentry"],"_links":{"self":[{"href":"https:\/\/waldorfkindergarten-uetersen.de\/index.php?rest_route=\/wp\/v2\/pages\/32","targetHints":{"allow":["GET"]}}],"collection":[{"href":"https:\/\/waldorfkindergarten-uetersen.de\/index.php?rest_route=\/wp\/v2\/pages"}],"about":[{"href":"https:\/\/waldorfkindergarten-uetersen.de\/index.php?rest_route=\/wp\/v2\/types\/page"}],"author":[{"embeddable":true,"href":"https:\/\/waldorfkindergarten-uetersen.de\/index.php?rest_route=\/wp\/v2\/users\/1"}],"replies":[{"embeddable":true,"href":"https:\/\/waldorfkindergarten-uetersen.de\/index.php?rest_route=%2Fwp%2Fv2%2Fcomments&post=32"}],"version-history":[{"count":9,"href":"https:\/\/waldorfkindergarten-uetersen.de\/index.php?rest_route=\/wp\/v2\/pages\/32\/revisions"}],"predecessor-version":[{"id":262,"href":"https:\/\/waldorfkindergarten-uetersen.de\/index.php?rest_route=\/wp\/v2\/pages\/32\/revisions\/262"}],"wp:attachment":[{"href":"https:\/\/waldorfkindergarten-uetersen.de\/index.php?rest_route=%2Fwp%2Fv2%2Fmedia&parent=32"}],"curies":[{"name":"wp","href":"https:\/\/api.w.org\/{rel}","templated":true}]}}